{"id":135,"date":"2023-04-27T02:14:15","date_gmt":"2023-04-27T00:14:15","guid":{"rendered":"https:\/\/commande.lespaniersdelea.com\/lhcupwbalexis\/?page_id=135"},"modified":"2023-05-15T01:47:59","modified_gmt":"2023-05-14T23:47:59","slug":"catalogues","status":"publish","type":"page","link":"https:\/\/commande.lespaniersdelea.com\/lhcupwbalexis\/catalogues\/","title":{"rendered":"Catalogues"},"content":{"rendered":"\t\t<div data-elementor-type=\"wp-page\" data-elementor-id=\"135\" class=\"elementor elementor-135\">\n\t\t\t\t\t\t\t\t\t<section class=\"elementor-section elementor-top-section elementor-element elementor-element-42d4ccdd elementor-section-full_width elementor-section-height-min-height elementor-section-items-stretch elementor-section-content-middle elementor-section-height-default\" data-id=\"42d4ccdd\" data-element_type=\"section\" data-settings=\"{&quot;background_background&quot;:&quot;classic&quot;}\">\n\t\t\t\t\t\t\t<div class=\"elementor-background-overlay\"><\/div>\n\t\t\t\t\t\t\t<div class=\"elementor-container elementor-column-gap-no\">\n\t\t\t\t\t<div class=\"elementor-column elementor-col-50 elementor-top-column elementor-element elementor-element-5b9d72aa elementor-hidden-mobile\" data-id=\"5b9d72aa\" data-element_type=\"column\" data-settings=\"{&quot;background_background&quot;:&quot;classic&quot;,&quot;background_motion_fx_motion_fx_scrolling&quot;:&quot;yes&quot;,&quot;background_motion_fx_translateY_effect&quot;:&quot;yes&quot;,&quot;background_motion_fx_translateY_speed&quot;:{&quot;unit&quot;:&quot;px&quot;,&quot;size&quot;:1,&quot;sizes&quot;:[]},&quot;background_motion_fx_translateY_affectedRange&quot;:{&quot;unit&quot;:&quot;%&quot;,&quot;size&quot;:&quot;&quot;,&quot;sizes&quot;:{&quot;start&quot;:0,&quot;end&quot;:100}},&quot;background_motion_fx_devices&quot;:[&quot;desktop&quot;,&quot;tablet&quot;,&quot;mobile&quot;]}\">\n\t\t\t<div class=\"elementor-widget-wrap elementor-element-populated\">\n\t\t\t\t\t\t\t\t<div class=\"elementor-element elementor-element-43a2eb7d elementor-widget elementor-widget-spacer\" data-id=\"43a2eb7d\" data-element_type=\"widget\" data-widget_type=\"spacer.default\">\n\t\t\t\t<div class=\"elementor-widget-container\">\n\t\t\t<style>\/*! elementor - v3.12.2 - 23-04-2023 *\/\n.elementor-column .elementor-spacer-inner{height:var(--spacer-size)}.e-con{--container-widget-width:100%}.e-con-inner>.elementor-widget-spacer,.e-con>.elementor-widget-spacer{width:var(--container-widget-width,var(--spacer-size));--align-self:var(--container-widget-align-self,initial);--flex-shrink:0}.e-con-inner>.elementor-widget-spacer>.elementor-widget-container,.e-con-inner>.elementor-widget-spacer>.elementor-widget-container>.elementor-spacer,.e-con>.elementor-widget-spacer>.elementor-widget-container,.e-con>.elementor-widget-spacer>.elementor-widget-container>.elementor-spacer{height:100%}.e-con-inner>.elementor-widget-spacer>.elementor-widget-container>.elementor-spacer>.elementor-spacer-inner,.e-con>.elementor-widget-spacer>.elementor-widget-container>.elementor-spacer>.elementor-spacer-inner{height:var(--container-widget-height,var(--spacer-size))}<\/style>\t\t<div class=\"elementor-spacer\">\n\t\t\t<div class=\"elementor-spacer-inner\"><\/div>\n\t\t<\/div>\n\t\t\t\t<\/div>\n\t\t\t\t<\/div>\n\t\t\t\t\t<\/div>\n\t\t<\/div>\n\t\t\t\t<div class=\"elementor-column elementor-col-50 elementor-top-column elementor-element elementor-element-58f4275b\" data-id=\"58f4275b\" data-element_type=\"column\" data-settings=\"{&quot;background_background&quot;:&quot;classic&quot;}\">\n\t\t\t<div class=\"elementor-widget-wrap elementor-element-populated\">\n\t\t\t\t\t\t\t\t<section class=\"elementor-section elementor-inner-section elementor-element elementor-element-510eeec7 elementor-section-boxed elementor-section-height-default elementor-section-height-default\" data-id=\"510eeec7\" data-element_type=\"section\">\n\t\t\t\t\t\t<div class=\"elementor-container elementor-column-gap-no\">\n\t\t\t\t\t<div class=\"elementor-column elementor-col-100 elementor-inner-column elementor-element elementor-element-29e560e7\" data-id=\"29e560e7\" data-element_type=\"column\">\n\t\t\t<div class=\"elementor-widget-wrap elementor-element-populated\">\n\t\t\t\t\t\t\t\t<div class=\"elementor-element elementor-element-66714976 elementor-invisible elementor-widget elementor-widget-heading\" data-id=\"66714976\" data-element_type=\"widget\" data-settings=\"{&quot;_animation&quot;:&quot;fadeIn&quot;,&quot;_animation_delay&quot;:400}\" data-widget_type=\"heading.default\">\n\t\t\t\t<div class=\"elementor-widget-container\">\n\t\t\t<style>\/*! elementor - v3.12.2 - 23-04-2023 *\/\n.elementor-heading-title{padding:0;margin:0;line-height:1}.elementor-widget-heading .elementor-heading-title[class*=elementor-size-]>a{color:inherit;font-size:inherit;line-height:inherit}.elementor-widget-heading .elementor-heading-title.elementor-size-small{font-size:15px}.elementor-widget-heading .elementor-heading-title.elementor-size-medium{font-size:19px}.elementor-widget-heading .elementor-heading-title.elementor-size-large{font-size:29px}.elementor-widget-heading .elementor-heading-title.elementor-size-xl{font-size:39px}.elementor-widget-heading .elementor-heading-title.elementor-size-xxl{font-size:59px}<\/style><h2 class=\"elementor-heading-title elementor-size-default\">Catalogues Les Paniers de L\u00e9a<\/h2>\t\t<\/div>\n\t\t\t\t<\/div>\n\t\t\t\t\t<\/div>\n\t\t<\/div>\n\t\t\t\t\t\t\t<\/div>\n\t\t<\/section>\n\t\t\t\t<section class=\"elementor-section elementor-inner-section elementor-element elementor-element-844953c elementor-section-boxed elementor-section-height-default elementor-section-height-default\" data-id=\"844953c\" data-element_type=\"section\">\n\t\t\t\t\t\t<div class=\"elementor-container elementor-column-gap-no\">\n\t\t\t\t\t<div class=\"elementor-column elementor-col-50 elementor-inner-column elementor-element elementor-element-4838f7d\" data-id=\"4838f7d\" data-element_type=\"column\">\n\t\t\t<div class=\"elementor-widget-wrap elementor-element-populated\">\n\t\t\t\t\t\t\t\t<div class=\"elementor-element elementor-element-1d628da elementor-widget elementor-widget-image\" data-id=\"1d628da\" data-element_type=\"widget\" data-widget_type=\"image.default\">\n\t\t\t\t<div class=\"elementor-widget-container\">\n\t\t\t<style>\/*! elementor - v3.12.2 - 23-04-2023 *\/\n.elementor-widget-image{text-align:center}.elementor-widget-image a{display:inline-block}.elementor-widget-image a img[src$=\".svg\"]{width:48px}.elementor-widget-image img{vertical-align:middle;display:inline-block}<\/style>\t\t\t\t\t\t\t\t\t\t\t\t<img loading=\"lazy\" decoding=\"async\" width=\"615\" height=\"871\" src=\"https:\/\/commande.lespaniersdelea.com\/lhcupwbalexis\/wp-content\/uploads\/2023\/04\/Catalogue-Ete.jpg\" class=\"attachment-large size-large wp-image-153\" alt=\"Couverture du catalogue d&#039;animations \u00e9te Les Paniers de L\u00e9a\" srcset=\"https:\/\/commande.lespaniersdelea.com\/lhcupwbalexis\/wp-content\/uploads\/2023\/04\/Catalogue-Ete.jpg 615w, https:\/\/commande.lespaniersdelea.com\/lhcupwbalexis\/wp-content\/uploads\/2023\/04\/Catalogue-Ete-212x300.jpg 212w\" sizes=\"auto, (max-width: 615px) 100vw, 615px\" \/>\t\t\t\t\t\t\t\t\t\t\t\t\t\t\t<\/div>\n\t\t\t\t<\/div>\n\t\t\t\t<div class=\"elementor-element elementor-element-efb12d7 elementor-invisible elementor-widget elementor-widget-heading\" data-id=\"efb12d7\" data-element_type=\"widget\" data-settings=\"{&quot;_animation&quot;:&quot;fadeIn&quot;,&quot;_animation_delay&quot;:400}\" data-widget_type=\"heading.default\">\n\t\t\t\t<div class=\"elementor-widget-container\">\n\t\t\t<h2 class=\"elementor-heading-title elementor-size-default\">Catalogue Animations Ete<\/h2>\t\t<\/div>\n\t\t\t\t<\/div>\n\t\t\t\t<div class=\"elementor-element elementor-element-41fa6f6 elementor-align-center elementor-widget elementor-widget-button\" data-id=\"41fa6f6\" data-element_type=\"widget\" data-widget_type=\"button.default\">\n\t\t\t\t<div class=\"elementor-widget-container\">\n\t\t\t\t\t<div class=\"elementor-button-wrapper\">\n\t\t\t<a href=\"#\" class=\"elementor-button-link elementor-button elementor-size-sm\" role=\"button\">\n\t\t\t\t\t\t<span class=\"elementor-button-content-wrapper\">\n\t\t\t\t\t\t<span class=\"elementor-button-text\">D\u00e9couvrir<\/span>\n\t\t<\/span>\n\t\t\t\t\t<\/a>\n\t\t<\/div>\n\t\t\t\t<\/div>\n\t\t\t\t<\/div>\n\t\t\t\t\t<\/div>\n\t\t<\/div>\n\t\t\t\t<div class=\"elementor-column elementor-col-50 elementor-inner-column elementor-element elementor-element-a7d9da1\" data-id=\"a7d9da1\" data-element_type=\"column\">\n\t\t\t<div class=\"elementor-widget-wrap elementor-element-populated\">\n\t\t\t\t\t\t\t\t<div class=\"elementor-element elementor-element-26afd78 elementor-widget elementor-widget-image\" data-id=\"26afd78\" data-element_type=\"widget\" data-widget_type=\"image.default\">\n\t\t\t\t<div class=\"elementor-widget-container\">\n\t\t\t\t\t\t\t\t\t\t\t\t\t\t\t<img loading=\"lazy\" decoding=\"async\" width=\"532\" height=\"753\" src=\"https:\/\/commande.lespaniersdelea.com\/lhcupwbalexis\/wp-content\/uploads\/2023\/04\/Catalogue-Noel-1.jpg\" class=\"attachment-large size-large wp-image-151\" alt=\"Couverture du catalogue d&#039;animations de No\u00ebl Les Paniers de L\u00e9a\" srcset=\"https:\/\/commande.lespaniersdelea.com\/lhcupwbalexis\/wp-content\/uploads\/2023\/04\/Catalogue-Noel-1.jpg 532w, https:\/\/commande.lespaniersdelea.com\/lhcupwbalexis\/wp-content\/uploads\/2023\/04\/Catalogue-Noel-1-212x300.jpg 212w\" sizes=\"auto, (max-width: 532px) 100vw, 532px\" \/>\t\t\t\t\t\t\t\t\t\t\t\t\t\t\t<\/div>\n\t\t\t\t<\/div>\n\t\t\t\t<div class=\"elementor-element elementor-element-03b3610 elementor-invisible elementor-widget elementor-widget-heading\" data-id=\"03b3610\" data-element_type=\"widget\" data-settings=\"{&quot;_animation&quot;:&quot;fadeIn&quot;,&quot;_animation_delay&quot;:400}\" data-widget_type=\"heading.default\">\n\t\t\t\t<div class=\"elementor-widget-container\">\n\t\t\t<h2 class=\"elementor-heading-title elementor-size-default\">Catalogue Animations No\u00ebl<\/h2>\t\t<\/div>\n\t\t\t\t<\/div>\n\t\t\t\t<div class=\"elementor-element elementor-element-8166374 elementor-align-center elementor-widget elementor-widget-button\" data-id=\"8166374\" data-element_type=\"widget\" data-widget_type=\"button.default\">\n\t\t\t\t<div class=\"elementor-widget-container\">\n\t\t\t\t\t<div class=\"elementor-button-wrapper\">\n\t\t\t<a href=\"#\" class=\"elementor-button-link elementor-button elementor-size-sm\" role=\"button\">\n\t\t\t\t\t\t<span class=\"elementor-button-content-wrapper\">\n\t\t\t\t\t\t<span class=\"elementor-button-text\">D\u00e9couvrir<\/span>\n\t\t<\/span>\n\t\t\t\t\t<\/a>\n\t\t<\/div>\n\t\t\t\t<\/div>\n\t\t\t\t<\/div>\n\t\t\t\t\t<\/div>\n\t\t<\/div>\n\t\t\t\t\t\t\t<\/div>\n\t\t<\/section>\n\t\t\t\t<div class=\"elementor-element elementor-element-65dc3514 elementor-widget__width-auto elementor-absolute elementor-view-default elementor-widget elementor-widget-icon\" data-id=\"65dc3514\" data-element_type=\"widget\" data-settings=\"{&quot;motion_fx_motion_fx_scrolling&quot;:&quot;yes&quot;,&quot;_position&quot;:&quot;absolute&quot;,&quot;motion_fx_devices&quot;:[&quot;desktop&quot;,&quot;tablet&quot;,&quot;mobile&quot;]}\" data-widget_type=\"icon.default\">\n\t\t\t\t<div class=\"elementor-widget-container\">\n\t\t\t\t\t<div class=\"elementor-icon-wrapper\">\n\t\t\t<div class=\"elementor-icon\">\n\t\t\t\t\t\t<\/div>\n\t\t<\/div>\n\t\t\t\t<\/div>\n\t\t\t\t<\/div>\n\t\t\t\t\t<\/div>\n\t\t<\/div>\n\t\t\t\t\t\t\t<\/div>\n\t\t<\/section>\n\t\t\t\t\t\t\t<\/div>\n\t\t","protected":false},"excerpt":{"rendered":"<p>D\u00e9couvrez sur cette page l&rsquo;ensemble de nos catalogues d&rsquo;animations et des prestations Les Paniers de L\u00e9a. <\/p>\n","protected":false},"author":1,"featured_media":0,"parent":0,"menu_order":0,"comment_status":"closed","ping_status":"closed","template":"","meta":{"footnotes":""},"class_list":["post-135","page","type-page","status-publish","hentry"],"yoast_head":"<!-- This site is optimized with the Yoast SEO plugin v20.6 - https:\/\/yoast.com\/wordpress\/plugins\/seo\/ -->\n<title>Les Paniers de L\u00e9a - Catalogues Animations et Prestations Food<\/title>\n<meta name=\"description\" content=\"Cr\u00e9ateur de convivialit\u00e9 en entreprises, Les Paniers de L\u00e9a vous propose de d\u00e9couvrir ses catalogues d&#039;animations et de livraisons de fruits.\" \/>\n<meta name=\"robots\" content=\"index, follow, max-snippet:-1, max-video-preview:-1, noimageindex\" \/>\n<link rel=\"canonical\" href=\"https:\/\/commande.lespaniersdelea.com\/lhcupwbalexis\/catalogues\/\" \/>\n<meta property=\"og:locale\" content=\"fr_FR\" \/>\n<meta property=\"og:type\" content=\"article\" \/>\n<meta property=\"og:title\" content=\"Les Paniers de L\u00e9a - Catalogues Animations et Prestations Food\" \/>\n<meta property=\"og:description\" content=\"Cr\u00e9ateur de convivialit\u00e9 en entreprises, Les Paniers de L\u00e9a vous propose de d\u00e9couvrir ses catalogues d&#039;animations et de livraisons de fruits.\" \/>\n<meta property=\"og:url\" content=\"https:\/\/commande.lespaniersdelea.com\/lhcupwbalexis\/catalogues\/\" \/>\n<meta property=\"og:site_name\" content=\"Les Paniers de L\u00e9a\" \/>\n<meta property=\"article:modified_time\" content=\"2023-05-14T23:47:59+00:00\" \/>\n<meta property=\"og:image\" content=\"http:\/\/commande.lespaniersdelea.com\/lhcupwbalexis\/wp-content\/uploads\/2023\/04\/Catalogue-Ete.jpg\" \/>\n<meta name=\"twitter:card\" content=\"summary_large_image\" \/>\n<meta name=\"twitter:label1\" content=\"Dur\u00e9e de lecture estim\u00e9e\" \/>\n\t<meta name=\"twitter:data1\" content=\"1 minute\" \/>\n<script type=\"application\/ld+json\" class=\"yoast-schema-graph\">{\"@context\":\"https:\/\/schema.org\",\"@graph\":[{\"@type\":\"WebPage\",\"@id\":\"https:\/\/commande.lespaniersdelea.com\/lhcupwbalexis\/catalogues\/\",\"url\":\"https:\/\/commande.lespaniersdelea.com\/lhcupwbalexis\/catalogues\/\",\"name\":\"Les Paniers de L\u00e9a - Catalogues Animations et Prestations Food\",\"isPartOf\":{\"@id\":\"https:\/\/commande.lespaniersdelea.com\/lhcupwbalexis\/#website\"},\"datePublished\":\"2023-04-27T00:14:15+00:00\",\"dateModified\":\"2023-05-14T23:47:59+00:00\",\"description\":\"Cr\u00e9ateur de convivialit\u00e9 en entreprises, Les Paniers de L\u00e9a vous propose de d\u00e9couvrir ses catalogues d'animations et de livraisons de fruits.\",\"breadcrumb\":{\"@id\":\"https:\/\/commande.lespaniersdelea.com\/lhcupwbalexis\/catalogues\/#breadcrumb\"},\"inLanguage\":\"fr-FR\",\"potentialAction\":[{\"@type\":\"ReadAction\",\"target\":[\"https:\/\/commande.lespaniersdelea.com\/lhcupwbalexis\/catalogues\/\"]}]},{\"@type\":\"BreadcrumbList\",\"@id\":\"https:\/\/commande.lespaniersdelea.com\/lhcupwbalexis\/catalogues\/#breadcrumb\",\"itemListElement\":[{\"@type\":\"ListItem\",\"position\":1,\"name\":\"Accueil\",\"item\":\"https:\/\/commande.lespaniersdelea.com\/lhcupwbalexis\/\"},{\"@type\":\"ListItem\",\"position\":2,\"name\":\"Catalogues Les Paniers de L\u00e9a\"}]},{\"@type\":\"WebSite\",\"@id\":\"https:\/\/commande.lespaniersdelea.com\/lhcupwbalexis\/#website\",\"url\":\"https:\/\/commande.lespaniersdelea.com\/lhcupwbalexis\/\",\"name\":\"Les Paniers de L\u00e9a\",\"description\":\"Corbeilles de Fruits engag\u00e9e et animations conviviales en entreprise\",\"potentialAction\":[{\"@type\":\"SearchAction\",\"target\":{\"@type\":\"EntryPoint\",\"urlTemplate\":\"https:\/\/commande.lespaniersdelea.com\/lhcupwbalexis\/?s={search_term_string}\"},\"query-input\":\"required name=search_term_string\"}],\"inLanguage\":\"fr-FR\"}]}<\/script>\n<!-- \/ Yoast SEO plugin. -->","yoast_head_json":{"title":"Les Paniers de L\u00e9a - Catalogues Animations et Prestations Food","description":"Cr\u00e9ateur de convivialit\u00e9 en entreprises, Les Paniers de L\u00e9a vous propose de d\u00e9couvrir ses catalogues d'animations et de livraisons de fruits.","robots":{"index":"index","follow":"follow","max-snippet":"max-snippet:-1","max-video-preview":"max-video-preview:-1","imageindex":"noimageindex"},"canonical":"https:\/\/commande.lespaniersdelea.com\/lhcupwbalexis\/catalogues\/","og_locale":"fr_FR","og_type":"article","og_title":"Les Paniers de L\u00e9a - Catalogues Animations et Prestations Food","og_description":"Cr\u00e9ateur de convivialit\u00e9 en entreprises, Les Paniers de L\u00e9a vous propose de d\u00e9couvrir ses catalogues d'animations et de livraisons de fruits.","og_url":"https:\/\/commande.lespaniersdelea.com\/lhcupwbalexis\/catalogues\/","og_site_name":"Les Paniers de L\u00e9a","article_modified_time":"2023-05-14T23:47:59+00:00","og_image":[{"url":"http:\/\/commande.lespaniersdelea.com\/lhcupwbalexis\/wp-content\/uploads\/2023\/04\/Catalogue-Ete.jpg"}],"twitter_card":"summary_large_image","twitter_misc":{"Dur\u00e9e de lecture estim\u00e9e":"1 minute"},"schema":{"@context":"https:\/\/schema.org","@graph":[{"@type":"WebPage","@id":"https:\/\/commande.lespaniersdelea.com\/lhcupwbalexis\/catalogues\/","url":"https:\/\/commande.lespaniersdelea.com\/lhcupwbalexis\/catalogues\/","name":"Les Paniers de L\u00e9a - Catalogues Animations et Prestations Food","isPartOf":{"@id":"https:\/\/commande.lespaniersdelea.com\/lhcupwbalexis\/#website"},"datePublished":"2023-04-27T00:14:15+00:00","dateModified":"2023-05-14T23:47:59+00:00","description":"Cr\u00e9ateur de convivialit\u00e9 en entreprises, Les Paniers de L\u00e9a vous propose de d\u00e9couvrir ses catalogues d'animations et de livraisons de fruits.","breadcrumb":{"@id":"https:\/\/commande.lespaniersdelea.com\/lhcupwbalexis\/catalogues\/#breadcrumb"},"inLanguage":"fr-FR","potentialAction":[{"@type":"ReadAction","target":["https:\/\/commande.lespaniersdelea.com\/lhcupwbalexis\/catalogues\/"]}]},{"@type":"BreadcrumbList","@id":"https:\/\/commande.lespaniersdelea.com\/lhcupwbalexis\/catalogues\/#breadcrumb","itemListElement":[{"@type":"ListItem","position":1,"name":"Accueil","item":"https:\/\/commande.lespaniersdelea.com\/lhcupwbalexis\/"},{"@type":"ListItem","position":2,"name":"Catalogues Les Paniers de L\u00e9a"}]},{"@type":"WebSite","@id":"https:\/\/commande.lespaniersdelea.com\/lhcupwbalexis\/#website","url":"https:\/\/commande.lespaniersdelea.com\/lhcupwbalexis\/","name":"Les Paniers de L\u00e9a","description":"Corbeilles de Fruits engag\u00e9e et animations conviviales en entreprise","potentialAction":[{"@type":"SearchAction","target":{"@type":"EntryPoint","urlTemplate":"https:\/\/commande.lespaniersdelea.com\/lhcupwbalexis\/?s={search_term_string}"},"query-input":"required name=search_term_string"}],"inLanguage":"fr-FR"}]}},"_links":{"self":[{"href":"https:\/\/commande.lespaniersdelea.com\/lhcupwbalexis\/wp-json\/wp\/v2\/pages\/135","targetHints":{"allow":["GET"]}}],"collection":[{"href":"https:\/\/commande.lespaniersdelea.com\/lhcupwbalexis\/wp-json\/wp\/v2\/pages"}],"about":[{"href":"https:\/\/commande.lespaniersdelea.com\/lhcupwbalexis\/wp-json\/wp\/v2\/types\/page"}],"author":[{"embeddable":true,"href":"https:\/\/commande.lespaniersdelea.com\/lhcupwbalexis\/wp-json\/wp\/v2\/users\/1"}],"replies":[{"embeddable":true,"href":"https:\/\/commande.lespaniersdelea.com\/lhcupwbalexis\/wp-json\/wp\/v2\/comments?post=135"}],"version-history":[{"count":27,"href":"https:\/\/commande.lespaniersdelea.com\/lhcupwbalexis\/wp-json\/wp\/v2\/pages\/135\/revisions"}],"predecessor-version":[{"id":693,"href":"https:\/\/commande.lespaniersdelea.com\/lhcupwbalexis\/wp-json\/wp\/v2\/pages\/135\/revisions\/693"}],"wp:attachment":[{"href":"https:\/\/commande.lespaniersdelea.com\/lhcupwbalexis\/wp-json\/wp\/v2\/media?parent=135"}],"curies":[{"name":"wp","href":"https:\/\/api.w.org\/{rel}","templated":true}]}}